{"id":90,"date":"2024-11-25T16:44:04","date_gmt":"2024-11-25T21:44:04","guid":{"rendered":"https:\/\/thebigbosspetspa.com\/?page_id=90"},"modified":"2024-11-25T16:48:38","modified_gmt":"2024-11-25T21:48:38","slug":"politica-de-privacidad-y-cookies","status":"publish","type":"page","link":"https:\/\/www.thebigbosspetspa.com\/es\/politica-de-privacidad-y-cookies\/","title":{"rendered":"\u00a0Pol\u00edtica de Privacidad y Cookies"},"content":{"rendered":"<p>[et_pb_section fb_built=\u00bb1&#8243; theme_builder_area=\u00bbpost_content\u00bb _builder_version=\u00bb4.27.3&#8243; _module_preset=\u00bbdefault\u00bb custom_padding=\u00bb20px||20px||true|false\u00bb hover_enabled=\u00bb0&#8243; sticky_enabled=\u00bb0&#8243;][et_pb_row _builder_version=\u00bb4.27.3&#8243; _module_preset=\u00bbdefault\u00bb theme_builder_area=\u00bbpost_content\u00bb][et_pb_column _builder_version=\u00bb4.27.3&#8243; _module_preset=\u00bbdefault\u00bb type=\u00bb4_4&#8243; theme_builder_area=\u00bbpost_content\u00bb][et_pb_post_title _builder_version=\u00bb4.27.3&#8243; _module_preset=\u00bbdefault\u00bb theme_builder_area=\u00bbpost_content\u00bb meta=\u00bboff\u00bb featured_image=\u00bboff\u00bb hover_enabled=\u00bb0&#8243; sticky_enabled=\u00bb0&#8243;][\/et_pb_post_title][et_pb_text _builder_version=\u00bb4.27.3&#8243; _module_preset=\u00bbdefault\u00bb theme_builder_area=\u00bbpost_content\u00bb text_text_color=\u00bb#000000&#8243; text_orientation=\u00bbjustified\u00bb hover_enabled=\u00bb0&#8243; sticky_enabled=\u00bb0&#8243;]<\/p>\n<p><span>Pol\u00edtica de privacidad<\/span><\/p>\n<p>Informamos a los usuarios de thebigbosspetspa.com que algunos datos de car\u00e1cter personal son recabados al navegar en nuestras p\u00e1ginas. Estos datos son regulados por leyes para proteger la privacidad de nuestros usuarios o visitantes.<\/p>\n<p>Ciertas leyes est\u00e1n enfocadas en asegurar la privacidad de los internautas que visitan las p\u00e1ginas web. Estas exigen que se le indique a los usuarios cu\u00e1ndo cierta informaci\u00f3n de actividades hechas en el sitio es registrada y almacenada en su equipo. Aqu\u00ed exponemos a todos nuestros usuarios el uso que le damos a su informaci\u00f3n personal y con qu\u00e9 finalidad es obtenida.<\/p>\n<p>Uso de cookies en nuestro sitio web<\/p>\n<p>Las cookies consisten en datos que son almacenados en el ordenador en el momento en que el usuario ingresa a una p\u00e1gina web determinada o al realizar ciertas operaciones en ella. Las cookies sirven a las p\u00e1ginas web para mantener informaci\u00f3n de importancia sobre la actividad de cada uno de sus usuarios.<\/p>\n<p>Esta informaci\u00f3n es usada cuando el usuario ingresa nuevamente al sitio web desde el mismo navegador o al iniciar sesi\u00f3n. La p\u00e1gina web recupera dicha informaci\u00f3n de actividades previas del usuario y as\u00ed ofrece un mejor modo de navegaci\u00f3n a trav\u00e9s del sitio web. Un sitio web puede utilizar varios tipos de cookies, cada uno con distintos prop\u00f3sitos.<\/p>\n<p>En ning\u00fan momento las cookies son utilizadas para determinar la identidad de un usuario en particular. Su prop\u00f3sito general es facilitar el uso de un sitio web o proveer distintas opciones de personalizaci\u00f3n. Algunas cookies son empleadas para registrar el n\u00famero de visitas hechas al sitio web. Otras tienen la funci\u00f3n de proveer facilidades al acceso de usuarios registrados. Otras cookies se encargan de gestionar los anuncios publicitarios prove\u00eddos por terceros.<\/p>\n<p>Los navegadores web, en general, aceptan las cookies bien sea temporal o permanentemente. Tambi\u00e9n, la mayor\u00eda de navegadores tienen las opciones de configuraci\u00f3n necesarias para gestionar las cookies de cualquier sitio web. En caso de no estar de acuerdo, el usuario puede borrar las cookies almacenadas en su ordenador o dispositivo m\u00f3vil. Algunas cookies est\u00e1n destinadas a borrarse despu\u00e9s de cierto tiempo, al terminar la sesi\u00f3n actual de un usuario, por ejemplo.<\/p>\n<p>thebigbosspetspa.com almacena datos en su ordenador, que son las cookies. Estos pueden ser eliminados en cualquier momento configurando su navegador. Al navegar por nuestra web, el usuario acepta expresamente el uso de nuestras cookies en su equipo y es consciente de que en cualquier momento puede borrar, bloquear y hasta rechazarlas. Asimismo, acepta que las cookies de thebigbosspetspa.com no son empleadas para violar su privacidad, sino que abarcan solo fines t\u00e9cnicos.<\/p>\n<p>Estos datos almacenados ser\u00e1n utilizados leg\u00edtimamente para todos o algunos de los fines antes mencionados. Ninguno de nuestros usuarios est\u00e1 expuesto a que su informaci\u00f3n sea utilizada de forma desaprobada o bochornosa ni tampoco se utilizar\u00e1 la misma para determinar la identidad de alg\u00fan usuario espec\u00edfico, a no ser que uno o varios usuarios determinados incumplan con las leyes y, entonces, sean investigados por organismos judiciales o del gobierno que soliciten dicha informaci\u00f3n.<\/p>\n<p>[\/et_pb_text][\/et_pb_column][\/et_pb_row][\/et_pb_section]<\/p>\n","protected":false},"excerpt":{"rendered":"<p>Pol\u00edtica de privacidad Informamos a los usuarios de thebigbosspetspa.com que algunos datos de car\u00e1cter personal son recabados al navegar en nuestras p\u00e1ginas. Estos datos son regulados por leyes para proteger la privacidad de nuestros usuarios o visitantes. Ciertas leyes est\u00e1n enfocadas en asegurar la privacidad de los internautas que visitan las p\u00e1ginas web. Estas exigen [&hellip;]<\/p>\n","protected":false},"author":2,"featured_media":0,"parent":0,"menu_order":0,"comment_status":"closed","ping_status":"closed","template":"","meta":{"_et_pb_use_builder":"on","_et_pb_old_content":"","_et_gb_content_width":"","footnotes":""},"class_list":["post-90","page","type-page","status-publish","hentry"],"_links":{"self":[{"href":"https:\/\/www.thebigbosspetspa.com\/es\/wp-json\/wp\/v2\/pages\/90","targetHints":{"allow":["GET"]}}],"collection":[{"href":"https:\/\/www.thebigbosspetspa.com\/es\/wp-json\/wp\/v2\/pages"}],"about":[{"href":"https:\/\/www.thebigbosspetspa.com\/es\/wp-json\/wp\/v2\/types\/page"}],"author":[{"embeddable":true,"href":"https:\/\/www.thebigbosspetspa.com\/es\/wp-json\/wp\/v2\/users\/2"}],"replies":[{"embeddable":true,"href":"https:\/\/www.thebigbosspetspa.com\/es\/wp-json\/wp\/v2\/comments?post=90"}],"version-history":[{"count":3,"href":"https:\/\/www.thebigbosspetspa.com\/es\/wp-json\/wp\/v2\/pages\/90\/revisions"}],"predecessor-version":[{"id":94,"href":"https:\/\/www.thebigbosspetspa.com\/es\/wp-json\/wp\/v2\/pages\/90\/revisions\/94"}],"wp:attachment":[{"href":"https:\/\/www.thebigbosspetspa.com\/es\/wp-json\/wp\/v2\/media?parent=90"}],"curies":[{"name":"wp","href":"https:\/\/api.w.org\/{rel}","templated":true}]}}